{"id":822,"date":"2016-06-21T14:42:26","date_gmt":"2016-06-21T12:42:26","guid":{"rendered":"http:\/\/www.friseur-haarzauber.de\/?page_id=822"},"modified":"2026-02-03T19:06:16","modified_gmt":"2026-02-03T18:06:16","slug":"haarzauber-rueckblick","status":"publish","type":"page","link":"https:\/\/www.friseur-haarzauber.de\/?page_id=822","title":{"rendered":"Haarzauber R\u00fcckblick"},"content":{"rendered":"\n<p><\/p>\n\n\n\n<ul class=\"wp-block-list\">\n<li>Januar 2026: Selina Meisterschule Konstanz<\/li>\n\n\n\n<li>November 2025: Messercut M\u00fcnchen<\/li>\n\n\n\n<li>September 2025:  Selina Color Master M\u00fcnchen<\/li>\n\n\n\n<li>Juli 2025: Selina Schnitttechniken M\u00fcnchen Londa <\/li>\n\n\n\n<li>Januar 2025: Messe M\u00fcnchen<\/li>\n\n\n\n<li>November 2024: Londa Trends<\/li>\n\n\n\n<li>Oktober 2023: Short Cut&nbsp;<\/li>\n\n\n\n<li>September 2022: Graduation<\/li>\n\n\n\n<li>September 2022: Graduation<\/li>\n\n\n\n<li>Juli 2022: Workshop Trends M\u00e4nner<\/li>\n\n\n\n<li>November 2020: Color System online<\/li>\n\n\n\n<li>September 2020: Londa Produktschulung&nbsp;<\/li>\n\n\n\n<li>M\u00e4rz 2019: Drei Tage Messe in D\u00fcsseldorf<\/li>\n\n\n\n<li>Januar 2019: Faschingsfrisuren und Make-up<\/li>\n\n\n\n<li>August 2018: Sozialer Tag, beim Alpenfestival&nbsp;&nbsp;&nbsp;&nbsp;&nbsp; Flecht- und Hochsteckfrisuren erstellt<\/li>\n\n\n\n<li>M\u00e4rz 2018: Messe D\u00fcsseldorf mit Workshop<\/li>\n\n\n\n<li>Januar 2018: Beauty Messe M\u00fcnchen<\/li>\n\n\n\n<li>April 2017: Rot Kreuz Kurs f\u00fcr Kunden<\/li>\n\n\n\n<li>Januar 2017: BGW Schulung<\/li>\n\n\n\n<li>Oktober 2016: Jungunternehmermesse in Immenstadt<\/li>\n\n\n\n<li>September 2016: Produkt- und Technikschulung von Londa<\/li>\n\n\n\n<li>Mai 2016: Painting und Farbtechnikschulung von Londa<\/li>\n\n\n\n<li>M\u00e4rz 2016: Gr\u00f6\u00dfte Messe von Deutschland in D\u00fcsseldorf<\/li>\n\n\n\n<li>Oktober 2015: Jungunternehmermesse in Immenstadt<\/li>\n\n\n\n<li>September 2015: Schnittschulung neue Trends in M\u00fcnchen<\/li>\n\n\n\n<li>April 2015:Frisurenschau in Kempten live mit gearbeitet an Models<\/li>\n\n\n\n<li>M\u00e4rz 2015: Friseurfachmesse und Workshop in Frankfurth<\/li>\n\n\n\n<li>Oktober 2014: Jungunternehmermesse in Burgberg<\/li>\n\n\n\n<li>September 2014: Pflegeproduktschulung von Londa in M\u00fcnchen<\/li>\n\n\n\n<li>Mai 2014: Farbtechnikschulung im Blondbereich in M\u00fcnchen<\/li>\n\n\n\n<li>M\u00e4rz 2014: Ersthelfer Seminar vom Roten Kreuz in Sonthofen<\/li>\n\n\n\n<li>Oktober 2013: Jungunternehmermesse&nbsp; in Stein<\/li>\n\n\n\n<li>Februar 2013: Ersthelferkurs im Rotkreuzhaus in Sonthofen<\/li>\n\n\n\n<li>Oktober 2012: Jungunternehmermesse in Stein<\/li>\n\n\n\n<li>September 2012: \u201eSpezial-Blond und Rot\u201c-Seminar im Wellastudio in Stuttgart<\/li>\n\n\n\n<li>November 2011: Jungunternehmermesse in Stein<\/li>\n\n\n\n<li>Mai 2011: Londa Farb-und Str\u00e4hnentechniken im Salon<\/li>\n\n\n\n<li>April 2011: Messe in Frankfurt<\/li>\n\n\n\n<li>Februar 2011: Londa Produktschulung im Londa Studio M\u00fcnchen<\/li>\n\n\n\n<li>November 2010: Jung-Unternehmer-Messe in Stein; Frisurenshow mit Modenschau und Lifestyling<\/li>\n\n\n\n<li>Oktober 2010: 10 Jahre Friseursalon HAARZAUBER<\/li>\n\n\n\n<li>Juli 2010: 5. Sozialer Tag bei uns: Haare schneiden f\u00fcr Kindergarten<\/li>\n\n\n\n<li>Juni 2010: Produkt- und Beratungsschulung der Firma Kadus in M\u00fcnchen<\/li>\n\n\n\n<li>M\u00e4rz 2010: 3 Tage Messe \u201eHair und Beauty\u201c und Seminare in D\u00fcsseldorf<\/li>\n\n\n\n<li>Februar 2010: Farbschulung der Firma Kadus<\/li>\n\n\n\n<li>M\u00e4rz 2009: Sozialer Tag: Kinderschminken, Lerncomputer f\u00fcr Behinderte am verkaufsoffenem Sonntag<\/li>\n\n\n\n<li>Dezember 2008: Haare schneiden f\u00fcr den Kinderschutzbund in Immenstadt im Rahmen eines Sozialen Tages bei uns<\/li>\n\n\n\n<li>Mai 2007: \u201eVorher-Nachher-Show\u201c in der Allg\u00e4u-Schau in Sonthofen<\/li>\n\n\n\n<li>Oktober 2007: Sozialer Tag mit Kinderschminken in der Behinderten-Werkstatt in Hindelang am verkaufsoffenem Sonntag<\/li>\n\n\n\n<li>September 2006: Teilnahme am Friseurwettbewerb \u201eGerman Hairdresser Award\u201c<\/li>\n\n\n\n<li>M\u00e4rz 2005: Brautmodenshow und Modellshow<\/li>\n<\/ul>\n\n\n\n<p><\/p>\n","protected":false},"excerpt":{"rendered":"","protected":false},"author":2,"featured_media":0,"parent":0,"menu_order":0,"comment_status":"closed","ping_status":"closed","template":"","meta":{"footnotes":""},"class_list":["post-822","page","type-page","status-publish","hentry"],"_links":{"self":[{"href":"https:\/\/www.friseur-haarzauber.de\/index.php?rest_route=\/wp\/v2\/pages\/822","targetHints":{"allow":["GET"]}}],"collection":[{"href":"https:\/\/www.friseur-haarzauber.de\/index.php?rest_route=\/wp\/v2\/pages"}],"about":[{"href":"https:\/\/www.friseur-haarzauber.de\/index.php?rest_route=\/wp\/v2\/types\/page"}],"author":[{"embeddable":true,"href":"https:\/\/www.friseur-haarzauber.de\/index.php?rest_route=\/wp\/v2\/users\/2"}],"replies":[{"embeddable":true,"href":"https:\/\/www.friseur-haarzauber.de\/index.php?rest_route=%2Fwp%2Fv2%2Fcomments&post=822"}],"version-history":[{"count":25,"href":"https:\/\/www.friseur-haarzauber.de\/index.php?rest_route=\/wp\/v2\/pages\/822\/revisions"}],"predecessor-version":[{"id":1254,"href":"https:\/\/www.friseur-haarzauber.de\/index.php?rest_route=\/wp\/v2\/pages\/822\/revisions\/1254"}],"wp:attachment":[{"href":"https:\/\/www.friseur-haarzauber.de\/index.php?rest_route=%2Fwp%2Fv2%2Fmedia&parent=822"}],"curies":[{"name":"wp","href":"https:\/\/api.w.org\/{rel}","templated":true}]}}