{"id":81,"date":"2010-10-03T16:02:21","date_gmt":"2010-10-03T14:02:21","guid":{"rendered":"http:\/\/www.zugang.friseur-haarzauber.de"},"modified":"2024-12-02T19:25:18","modified_gmt":"2024-12-02T18:25:18","slug":"home","status":"publish","type":"page","link":"https:\/\/www.friseur-haarzauber.de\/","title":{"rendered":"Willkommen bei Haarzauber!"},"content":{"rendered":"\n<h4 class=\"wp-block-heading has-text-align-center\">Seit 25 Jahren steht Haarzauber f\u00fcr kreative Schnitte, individuelle Styles und echte Handwerkskunst.<\/h4>\n\n\n\n<h4 class=\"wp-block-heading has-text-align-center\">Sabine M\u00e4nnl, die Gr\u00fcnderin und erfahrene Friseurmeisterin,<br>hat hier ihren Traum verwirklicht. <\/h4>\n\n\n\n<h4 class=\"wp-block-heading has-text-align-center\">Jetzt hat sie Unterst\u00fctzung durch ihre Tochter Selina, <br>die mit frischen Ideen und viel Begeisterung in den Familienbetrieb einsteigt<\/h4>\n\n\n<div class=\"wp-block-image\">\n<figure class=\"aligncenter size-large\"><a href=\"https:\/\/www.friseur-haarzauber.de\/wp-content\/uploads\/2024\/05\/IMG-20240326-WA0072.jpg\"><img loading=\"lazy\" decoding=\"async\" width=\"683\" height=\"1024\" src=\"https:\/\/www.friseur-haarzauber.de\/wp-content\/uploads\/2024\/05\/IMG-20240326-WA0072-683x1024.jpg\" alt=\"\" class=\"wp-image-1175\" srcset=\"https:\/\/www.friseur-haarzauber.de\/wp-content\/uploads\/2024\/05\/IMG-20240326-WA0072-683x1024.jpg 683w, https:\/\/www.friseur-haarzauber.de\/wp-content\/uploads\/2024\/05\/IMG-20240326-WA0072-200x300.jpg 200w, https:\/\/www.friseur-haarzauber.de\/wp-content\/uploads\/2024\/05\/IMG-20240326-WA0072-768x1152.jpg 768w, https:\/\/www.friseur-haarzauber.de\/wp-content\/uploads\/2024\/05\/IMG-20240326-WA0072-370x555.jpg 370w, https:\/\/www.friseur-haarzauber.de\/wp-content\/uploads\/2024\/05\/IMG-20240326-WA0072.jpg 912w\" sizes=\"auto, (max-width: 683px) 100vw, 683px\" \/><\/a><\/figure>\n<\/div>\n\n<div class=\"wp-block-image\">\n<figure class=\"aligncenter size-large\"><a href=\"https:\/\/www.friseur-haarzauber.de\/wp-content\/uploads\/2024\/05\/collage-nr-7-scaled.jpg\"><img loading=\"lazy\" decoding=\"async\" width=\"791\" height=\"1024\" src=\"https:\/\/www.friseur-haarzauber.de\/wp-content\/uploads\/2024\/05\/collage-nr-7-791x1024.jpg\" alt=\"\" class=\"wp-image-1176\" srcset=\"https:\/\/www.friseur-haarzauber.de\/wp-content\/uploads\/2024\/05\/collage-nr-7-791x1024.jpg 791w, https:\/\/www.friseur-haarzauber.de\/wp-content\/uploads\/2024\/05\/collage-nr-7-232x300.jpg 232w, https:\/\/www.friseur-haarzauber.de\/wp-content\/uploads\/2024\/05\/collage-nr-7-768x994.jpg 768w, https:\/\/www.friseur-haarzauber.de\/wp-content\/uploads\/2024\/05\/collage-nr-7-1186x1536.jpg 1186w, https:\/\/www.friseur-haarzauber.de\/wp-content\/uploads\/2024\/05\/collage-nr-7-1582x2048.jpg 1582w, https:\/\/www.friseur-haarzauber.de\/wp-content\/uploads\/2024\/05\/collage-nr-7-370x479.jpg 370w, https:\/\/www.friseur-haarzauber.de\/wp-content\/uploads\/2024\/05\/collage-nr-7-1040x1346.jpg 1040w, https:\/\/www.friseur-haarzauber.de\/wp-content\/uploads\/2024\/05\/collage-nr-7-scaled.jpg 1977w\" sizes=\"auto, (max-width: 791px) 100vw, 791px\" \/><\/a><\/figure>\n<\/div>","protected":false},"excerpt":{"rendered":"<p>Seit 25 Jahren steht Haarzauber f\u00fcr kreative Schnitte, individuelle Styles und echte Handwerkskunst. Sabine M\u00e4nnl, die Gr\u00fcnderin und erfahrene Friseurmeisterin,hat hier ihren Traum verwirklicht. Jetzt hat sie Unterst\u00fctzung durch ihre Tochter Selina, die mit frischen[&#8230;]<\/p>\n","protected":false},"author":1,"featured_media":0,"parent":0,"menu_order":0,"comment_status":"closed","ping_status":"closed","template":"","meta":{"footnotes":""},"class_list":["post-81","page","type-page","status-publish","hentry"],"_links":{"self":[{"href":"https:\/\/www.friseur-haarzauber.de\/index.php?rest_route=\/wp\/v2\/pages\/81","targetHints":{"allow":["GET"]}}],"collection":[{"href":"https:\/\/www.friseur-haarzauber.de\/index.php?rest_route=\/wp\/v2\/pages"}],"about":[{"href":"https:\/\/www.friseur-haarzauber.de\/index.php?rest_route=\/wp\/v2\/types\/page"}],"author":[{"embeddable":true,"href":"https:\/\/www.friseur-haarzauber.de\/index.php?rest_route=\/wp\/v2\/users\/1"}],"replies":[{"embeddable":true,"href":"https:\/\/www.friseur-haarzauber.de\/index.php?rest_route=%2Fwp%2Fv2%2Fcomments&post=81"}],"version-history":[{"count":19,"href":"https:\/\/www.friseur-haarzauber.de\/index.php?rest_route=\/wp\/v2\/pages\/81\/revisions"}],"predecessor-version":[{"id":1206,"href":"https:\/\/www.friseur-haarzauber.de\/index.php?rest_route=\/wp\/v2\/pages\/81\/revisions\/1206"}],"wp:attachment":[{"href":"https:\/\/www.friseur-haarzauber.de\/index.php?rest_route=%2Fwp%2Fv2%2Fmedia&parent=81"}],"curies":[{"name":"wp","href":"https:\/\/api.w.org\/{rel}","templated":true}]}}