{"id":386,"date":"2012-09-12T17:33:01","date_gmt":"2012-09-12T15:33:01","guid":{"rendered":"http:\/\/www.friseur-haarzauber.de\/?page_id=386"},"modified":"2024-03-11T20:02:03","modified_gmt":"2024-03-11T19:02:03","slug":"besonderheiten","status":"publish","type":"page","link":"https:\/\/www.friseur-haarzauber.de\/?page_id=386","title":{"rendered":"Flexible Extensions"},"content":{"rendered":"\n<h2 class=\"wp-block-heading\">&nbsp;<\/h2>\n\n\n\n<p class=\"has-text-align-center\">Bei Flex Extensions sind bzgl. Haarfarbe, Haarl\u00e4nge und Anzahl der Str\u00e4hnen keine Grenzen gesetzt.<\/p>\n\n\n\n<p class=\"has-text-align-center\">Im Handumdrehen \u201ezaubere\u201c ich Euch au\u00dfergew\u00f6hnliche Effektstr\u00e4hnen, die in jedem Fall ein Hingucker werden.<\/p>\n\n\n\n<p class=\"has-text-align-center\">Ich kann Euch ganz individuell viele Farben kombinieren und einzelne Str\u00e4hnen austauschen.<\/p>\n\n\n\n<p class=\"has-text-align-center\">Auch f\u00fcr Jugendliche unter 16 Jahren, die optimale Alternative f\u00fcr Farbstr\u00e4hnen!<\/p>\n\n\n<div class=\"wp-block-image\">\n<figure class=\"aligncenter\"><img decoding=\"async\" src=\"https:\/\/www.friseur-haarzauber.de\/wp-content\/uploads\/2012\/09\/Hair080523-011469A-10cm.jpg\" alt=\"\" title=\"Hair080523-011469A-10cm\"\/><\/figure>\n<\/div>\n\n\n<p class=\"has-text-align-center\"><span style=\"font-size: medium;\"><span style=\"color: #000000;\"><\/span><\/span><\/p>\n\n\n\n<p class=\"has-text-align-center\">Sie h\u00e4tten lieber ein nat\u00fcrlicheres, weniger buntes Farbbild?<\/p>\n\n\n\n<p class=\"has-text-align-center\">Kein Problem, uns stehen ebenfalls Blond- und Schwarzt\u00f6ne zur Verf\u00fcgung.<\/p>\n\n\n<div class=\"wp-block-image\">\n<figure class=\"aligncenter\"><a href=\"https:\/\/www.friseur-haarzauber.de\/wp-content\/uploads\/2012\/09\/Hair082405-011925-2A-10cm.jpg\"><img loading=\"lazy\" decoding=\"async\" width=\"550\" height=\"733\" src=\"https:\/\/www.friseur-haarzauber.de\/wp-content\/uploads\/2012\/09\/Hair082405-011925-2A-10cm.jpg\" alt=\"\" class=\"wp-image-398\" title=\"Hair082405-011925-2A-10cm\" srcset=\"https:\/\/www.friseur-haarzauber.de\/wp-content\/uploads\/2012\/09\/Hair082405-011925-2A-10cm.jpg 550w, https:\/\/www.friseur-haarzauber.de\/wp-content\/uploads\/2012\/09\/Hair082405-011925-2A-10cm-225x300.jpg 225w\" sizes=\"auto, (max-width: 550px) 100vw, 550px\" \/><\/a><\/figure>\n<\/div>\n\n\n<p class=\"has-text-align-center\"><span style=\"font-size: medium;\"><span style=\"color: #000000;\"><\/span><\/span><\/p>\n\n\n\n<h1 class=\"wp-block-heading\">&nbsp;<\/h1>\n","protected":false},"excerpt":{"rendered":"<p>&nbsp; Bei Flex Extensions sind bzgl. Haarfarbe, Haarl\u00e4nge und Anzahl der Str\u00e4hnen keine Grenzen gesetzt. Im Handumdrehen \u201ezaubere\u201c ich Euch au\u00dfergew\u00f6hnliche Effektstr\u00e4hnen, die in jedem Fall ein Hingucker werden. Ich kann Euch ganz individuell viele[&#8230;]<\/p>\n","protected":false},"author":2,"featured_media":0,"parent":0,"menu_order":0,"comment_status":"open","ping_status":"open","template":"","meta":{"footnotes":""},"class_list":["post-386","page","type-page","status-publish","hentry"],"_links":{"self":[{"href":"https:\/\/www.friseur-haarzauber.de\/index.php?rest_route=\/wp\/v2\/pages\/386","targetHints":{"allow":["GET"]}}],"collection":[{"href":"https:\/\/www.friseur-haarzauber.de\/index.php?rest_route=\/wp\/v2\/pages"}],"about":[{"href":"https:\/\/www.friseur-haarzauber.de\/index.php?rest_route=\/wp\/v2\/types\/page"}],"author":[{"embeddable":true,"href":"https:\/\/www.friseur-haarzauber.de\/index.php?rest_route=\/wp\/v2\/users\/2"}],"replies":[{"embeddable":true,"href":"https:\/\/www.friseur-haarzauber.de\/index.php?rest_route=%2Fwp%2Fv2%2Fcomments&post=386"}],"version-history":[{"count":24,"href":"https:\/\/www.friseur-haarzauber.de\/index.php?rest_route=\/wp\/v2\/pages\/386\/revisions"}],"predecessor-version":[{"id":1148,"href":"https:\/\/www.friseur-haarzauber.de\/index.php?rest_route=\/wp\/v2\/pages\/386\/revisions\/1148"}],"wp:attachment":[{"href":"https:\/\/www.friseur-haarzauber.de\/index.php?rest_route=%2Fwp%2Fv2%2Fmedia&parent=386"}],"curies":[{"name":"wp","href":"https:\/\/api.w.org\/{rel}","templated":true}]}}