{"id":1226,"date":"2024-12-02T19:46:55","date_gmt":"2024-12-02T18:46:55","guid":{"rendered":"https:\/\/www.friseur-haarzauber.de\/?page_id=1226"},"modified":"2024-12-02T19:48:20","modified_gmt":"2024-12-02T18:48:20","slug":"sabine-und-selina","status":"publish","type":"page","link":"https:\/\/www.friseur-haarzauber.de\/?page_id=1226","title":{"rendered":"Sabine und Selina"},"content":{"rendered":"\n<div class=\"wp-block-media-text is-stacked-on-mobile\" style=\"grid-template-columns:74% auto\"><figure class=\"wp-block-media-text__media\"><img loading=\"lazy\" decoding=\"async\" width=\"815\" height=\"1024\" src=\"https:\/\/www.friseur-haarzauber.de\/wp-content\/uploads\/2024\/12\/IMG-20240326-WA0069-2-815x1024.jpg\" alt=\"\" class=\"wp-image-1229 size-full\" srcset=\"https:\/\/www.friseur-haarzauber.de\/wp-content\/uploads\/2024\/12\/IMG-20240326-WA0069-2-815x1024.jpg 815w, https:\/\/www.friseur-haarzauber.de\/wp-content\/uploads\/2024\/12\/IMG-20240326-WA0069-2-239x300.jpg 239w, https:\/\/www.friseur-haarzauber.de\/wp-content\/uploads\/2024\/12\/IMG-20240326-WA0069-2-768x965.jpg 768w, https:\/\/www.friseur-haarzauber.de\/wp-content\/uploads\/2024\/12\/IMG-20240326-WA0069-2-1222x1536.jpg 1222w, https:\/\/www.friseur-haarzauber.de\/wp-content\/uploads\/2024\/12\/IMG-20240326-WA0069-2-370x465.jpg 370w, https:\/\/www.friseur-haarzauber.de\/wp-content\/uploads\/2024\/12\/IMG-20240326-WA0069-2-1040x1307.jpg 1040w, https:\/\/www.friseur-haarzauber.de\/wp-content\/uploads\/2024\/12\/IMG-20240326-WA0069-2.jpg 1273w\" sizes=\"auto, (max-width: 815px) 100vw, 815px\" \/><\/figure><div class=\"wp-block-media-text__content\">\n<h3 class=\"wp-block-heading\">Unsere Leidenschaft f\u00fcr Haare &#8211; und ja, auch  unsere roten M\u00e4hnen machen uns zu einem eingespielten Team.<\/h3>\n\n\n\n<h3 class=\"wp-block-heading\">Wir wissen genau, wie man K\u00f6pfe zu strahlen bringt.<\/h3>\n\n\n\n<h3 class=\"wp-block-heading\">Wir lieben was wir tun und sorgen daf\u00fcr, da\u00df Du Dich rundum wohl f\u00fchlst.<\/h3>\n<\/div><\/div>\n","protected":false},"excerpt":{"rendered":"<p>Unsere Leidenschaft f\u00fcr Haare &#8211; und ja, auch unsere roten M\u00e4hnen machen uns zu einem eingespielten Team. Wir wissen genau, wie man K\u00f6pfe zu strahlen bringt. Wir lieben was wir tun und sorgen daf\u00fcr, da\u00df[&#8230;]<\/p>\n","protected":false},"author":1,"featured_media":0,"parent":0,"menu_order":0,"comment_status":"closed","ping_status":"closed","template":"","meta":{"footnotes":""},"class_list":["post-1226","page","type-page","status-publish","hentry"],"_links":{"self":[{"href":"https:\/\/www.friseur-haarzauber.de\/index.php?rest_route=\/wp\/v2\/pages\/1226","targetHints":{"allow":["GET"]}}],"collection":[{"href":"https:\/\/www.friseur-haarzauber.de\/index.php?rest_route=\/wp\/v2\/pages"}],"about":[{"href":"https:\/\/www.friseur-haarzauber.de\/index.php?rest_route=\/wp\/v2\/types\/page"}],"author":[{"embeddable":true,"href":"https:\/\/www.friseur-haarzauber.de\/index.php?rest_route=\/wp\/v2\/users\/1"}],"replies":[{"embeddable":true,"href":"https:\/\/www.friseur-haarzauber.de\/index.php?rest_route=%2Fwp%2Fv2%2Fcomments&post=1226"}],"version-history":[{"count":4,"href":"https:\/\/www.friseur-haarzauber.de\/index.php?rest_route=\/wp\/v2\/pages\/1226\/revisions"}],"predecessor-version":[{"id":1234,"href":"https:\/\/www.friseur-haarzauber.de\/index.php?rest_route=\/wp\/v2\/pages\/1226\/revisions\/1234"}],"wp:attachment":[{"href":"https:\/\/www.friseur-haarzauber.de\/index.php?rest_route=%2Fwp%2Fv2%2Fmedia&parent=1226"}],"curies":[{"name":"wp","href":"https:\/\/api.w.org\/{rel}","templated":true}]}}