{"id":10,"date":"2010-09-19T16:33:06","date_gmt":"2010-09-19T14:33:06","guid":{"rendered":"http:\/\/www.zugang.friseur-haarzauber.de\/?page_id=10"},"modified":"2024-03-11T19:48:57","modified_gmt":"2024-03-11T18:48:57","slug":"impressum","status":"publish","type":"page","link":"https:\/\/www.friseur-haarzauber.de\/?page_id=10","title":{"rendered":"Impressum"},"content":{"rendered":"<p><strong><span style=\"color: #993300;\">Anbieterkennzeichnung<\/span><\/strong><\/p>\n<p>Friseur-Haarzauber.de wird betrieben von<\/p>\n<p>Friseursalon Haarzauber<\/p>\n<p>Friseurmeisterin &#8211; Sabine M\u00e4nnl<br \/>\nMittagstr. 18c<\/p>\n<p>87509 Immenstadt i. Allg\u00e4u<br \/>\nDeutschland<\/p>\n<p>tel: +49 (0) 8323 967 267<br \/>\nWhatsApp:01756603306<\/p>\n<p>email: info@friseur-haarzauber.com<\/p>\n<p>Steuernummer:\u00a012324710262<\/p>\n<p>Verantwortlicher Redakteur\/Inhaltlich Verantwortlicher gem\u00e4\u00df \u00a755 RStV ist Sabine M\u00e4nnl | Mittagstr. 18c | 87509 Immenstadt<\/p>\n<p>Die Europ\u00e4ische Kommission stellt eine Plattform f\u00fcr die au\u00dfergerichtliche Online-Streitbeilegung (OS-Plattform) bereit, aufrufbar unter\u00a0<a href=\"http:\/\/ec.europa.eu\/odr\" target=\"_blank\" rel=\"noopener noreferrer\">http:\/\/ec.europa.eu\/odr<\/a>.<\/p>\n<p>\u00a9 Copyright 2010 &#8211; 2024 Friseursalon Haarzauber &#8211; Sabine M\u00e4nnl<\/p>\n","protected":false},"excerpt":{"rendered":"<p>Anbieterkennzeichnung Friseur-Haarzauber.de wird betrieben von Friseursalon Haarzauber Friseurmeisterin &#8211; Sabine M\u00e4nnl Mittagstr. 18c 87509 Immenstadt i. Allg\u00e4u Deutschland tel: +49 (0) 8323 967 267 WhatsApp:01756603306 email: info@friseur-haarzauber.com Steuernummer:\u00a012324710262 Verantwortlicher Redakteur\/Inhaltlich Verantwortlicher gem\u00e4\u00df \u00a755 RStV ist[&#8230;]<\/p>\n","protected":false},"author":1,"featured_media":0,"parent":0,"menu_order":100,"comment_status":"closed","ping_status":"open","template":"","meta":{"footnotes":""},"class_list":["post-10","page","type-page","status-publish","hentry"],"_links":{"self":[{"href":"https:\/\/www.friseur-haarzauber.de\/index.php?rest_route=\/wp\/v2\/pages\/10","targetHints":{"allow":["GET"]}}],"collection":[{"href":"https:\/\/www.friseur-haarzauber.de\/index.php?rest_route=\/wp\/v2\/pages"}],"about":[{"href":"https:\/\/www.friseur-haarzauber.de\/index.php?rest_route=\/wp\/v2\/types\/page"}],"author":[{"embeddable":true,"href":"https:\/\/www.friseur-haarzauber.de\/index.php?rest_route=\/wp\/v2\/users\/1"}],"replies":[{"embeddable":true,"href":"https:\/\/www.friseur-haarzauber.de\/index.php?rest_route=%2Fwp%2Fv2%2Fcomments&post=10"}],"version-history":[{"count":18,"href":"https:\/\/www.friseur-haarzauber.de\/index.php?rest_route=\/wp\/v2\/pages\/10\/revisions"}],"predecessor-version":[{"id":1137,"href":"https:\/\/www.friseur-haarzauber.de\/index.php?rest_route=\/wp\/v2\/pages\/10\/revisions\/1137"}],"wp:attachment":[{"href":"https:\/\/www.friseur-haarzauber.de\/index.php?rest_route=%2Fwp%2Fv2%2Fmedia&parent=10"}],"curies":[{"name":"wp","href":"https:\/\/api.w.org\/{rel}","templated":true}]}}